{"id":313,"date":"2021-04-08T07:13:33","date_gmt":"2021-04-08T07:13:33","guid":{"rendered":"http:\/\/rheinkind.mwk-koeln.de\/?page_id=313"},"modified":"2026-01-09T10:26:35","modified_gmt":"2026-01-09T09:26:35","slug":"teilnahmebedingungen","status":"publish","type":"page","link":"https:\/\/rheinkind-koeln.de\/?page_id=313","title":{"rendered":"Teilnahmebedingungen"},"content":{"rendered":"<p>[et_pb_section fb_built=&#8220;1&#8243; _builder_version=&#8220;4.16&#8243; _module_preset=&#8220;default&#8220; custom_padding=&#8220;||12px|||&#8220; global_colors_info=&#8220;{}&#8220;][et_pb_row _builder_version=&#8220;4.16&#8243; _module_preset=&#8220;default&#8220; global_colors_info=&#8220;{}&#8220;][et_pb_column type=&#8220;4_4&#8243; _builder_version=&#8220;4.16&#8243; _module_preset=&#8220;default&#8220; global_colors_info=&#8220;{}&#8220;][et_pb_button button_url=&#8220;@ET-DC@eyJkeW5hbWljIjp0cnVlLCJjb250ZW50IjoicG9zdF9saW5rX3VybF9wYWdlIiwic2V0dGluZ3MiOnsicG9zdF9pZCI6IjE0MzYifX0=@&#8220; button_text=&#8220;Zur\u00fcck zur Homepage&#8220; button_alignment=&#8220;center&#8220; _builder_version=&#8220;4.19.4&#8243; _dynamic_attributes=&#8220;button_url&#8220; _module_preset=&#8220;default&#8220; custom_margin=&#8220;||106px|||&#8220; hover_enabled=&#8220;0&#8243; global_colors_info=&#8220;{}&#8220; sticky_enabled=&#8220;0&#8243;][\/et_pb_button][et_pb_cta title=&#8220;TEILNAHMEBEDINGUNGEN&#8220; button_url=&#8220;#top&#8220; admin_label=&#8220;Tittle, Paragraph &#038; Call To Action&#8220; _builder_version=&#8220;4.16&#8243; header_font=&#8220;Oswald|||on|||||&#8220; header_font_size=&#8220;45px&#8220; header_letter_spacing=&#8220;3px&#8220; header_line_height=&#8220;1.4em&#8220; body_font=&#8220;Open Sans|600|||||||&#8220; body_font_size=&#8220;16px&#8220; body_line_height=&#8220;1.8em&#8220; use_background_color=&#8220;off&#8220; custom_button=&#8220;on&#8220; button_text_size=&#8220;14px&#8220; button_text_color=&#8220;#ffffff&#8220; button_bg_color=&#8220;#000000&#8243; button_border_width=&#8220;10px&#8220; button_border_color=&#8220;rgba(0,0,0,0)&#8220; button_border_radius=&#8220;30px&#8220; button_letter_spacing=&#8220;2px&#8220; button_font=&#8220;Open Sans|700||on|||||&#8220; button_use_icon=&#8220;off&#8220; background_layout=&#8220;light&#8220; max_width=&#8220;750px&#8220; module_alignment=&#8220;center&#8220; custom_margin=&#8220;-2px|||110px||&#8220; custom_margin_tablet=&#8220;0px|||&#8220; custom_margin_phone=&#8220;&#8220; custom_margin_last_edited=&#8220;on|tablet&#8220; custom_padding=&#8220;|||0px||&#8220; button_text_color_hover=&#8220;#ffffff&#8220; button_border_color_hover=&#8220;rgba(0,0,0,0)&#8220; button_border_radius_hover=&#8220;28px&#8220; button_letter_spacing_hover=&#8220;2px&#8220; button_bg_color_hover=&#8220;rgba(0,0,0,0.7)&#8220; saved_tabs=&#8220;all&#8220; locked=&#8220;off&#8220; global_colors_info=&#8220;{}&#8220; button_text_size__hover_enabled=&#8220;off&#8220; button_one_text_size__hover_enabled=&#8220;off&#8220; button_two_text_size__hover_enabled=&#8220;off&#8220; button_text_color__hover_enabled=&#8220;on&#8220; button_text_color__hover=&#8220;#ffffff&#8220; button_one_text_color__hover_enabled=&#8220;off&#8220; button_two_text_color__hover_enabled=&#8220;off&#8220; button_border_width__hover_enabled=&#8220;off&#8220; button_one_border_width__hover_enabled=&#8220;off&#8220; button_two_border_width__hover_enabled=&#8220;off&#8220; button_border_color__hover_enabled=&#8220;on&#8220; button_border_color__hover=&#8220;rgba(0,0,0,0)&#8220; button_one_border_color__hover_enabled=&#8220;off&#8220; button_two_border_color__hover_enabled=&#8220;off&#8220; button_border_radius__hover_enabled=&#8220;on&#8220; button_border_radius__hover=&#8220;28px&#8220; button_one_border_radius__hover_enabled=&#8220;off&#8220; button_two_border_radius__hover_enabled=&#8220;off&#8220; button_letter_spacing__hover_enabled=&#8220;on&#8220; button_letter_spacing__hover=&#8220;2px&#8220; button_one_letter_spacing__hover_enabled=&#8220;off&#8220; button_two_letter_spacing__hover_enabled=&#8220;off&#8220; button_bg_color__hover_enabled=&#8220;on&#8220; button_bg_color__hover=&#8220;rgba(0,0,0,0.7)&#8220; button_one_bg_color__hover_enabled=&#8220;off&#8220; button_two_bg_color__hover_enabled=&#8220;off&#8220;][\/et_pb_cta][\/et_pb_column][\/et_pb_row][\/et_pb_section][et_pb_section fb_built=&#8220;1&#8243; admin_label=&#8220;Juice Categories Section&#8220; _builder_version=&#8220;4.16&#8243; custom_padding=&#8220;2px|0px|120px|0px||&#8220; global_colors_info=&#8220;{}&#8220;][et_pb_row admin_label=&#8220;Juice Types Row&#8220; _builder_version=&#8220;4.16&#8243; global_colors_info=&#8220;{}&#8220;][et_pb_column type=&#8220;4_4&#8243; _builder_version=&#8220;4.16&#8243; custom_padding=&#8220;|||&#8220; global_colors_info=&#8220;{}&#8220; custom_padding__hover=&#8220;|||&#8220;][et_pb_blurb title=&#8220;TEILNAHMEBERECHTIGUNG&#8220; admin_label=&#8220;Juice Type&#8220; _builder_version=&#8220;4.16&#8243; header_font=&#8220;Oswald|||on|||||&#8220; header_text_align=&#8220;left&#8220; header_font_size=&#8220;20px&#8220; header_letter_spacing=&#8220;2px&#8220; header_line_height=&#8220;1.4em&#8220; body_font=&#8220;Open Sans|600|||||||&#8220; body_text_align=&#8220;left&#8220; body_font_size=&#8220;16px&#8220; body_line_height=&#8220;1.8em&#8220; custom_padding=&#8220;||0px|||&#8220; global_colors_info=&#8220;{}&#8220;]<\/p>\n<p>Teilnahmeberechtigt sind alle Personen \u00fcber 18 Jahren aus Deutschland mit Ausnahme von Mitarbeitern der MWK GmbH und\/oder von Kooperationspartnern und\/oder von Unternehmen, die bei der Umsetzung des Gewinnspiels\/Preisausschreibens beteiligt waren oder sind, sowie deren Familienangeh\u00f6rige.<\/p>\n<p>[\/et_pb_blurb][et_pb_blurb title=&#8220;Gewinnspielablauf&#8220; admin_label=&#8220;Juice Type&#8220; _builder_version=&#8220;4.16&#8243; header_font=&#8220;Oswald|||on|||||&#8220; header_text_align=&#8220;left&#8220; header_font_size=&#8220;20px&#8220; header_letter_spacing=&#8220;2px&#8220; header_line_height=&#8220;1.4em&#8220; body_font=&#8220;Open Sans|600|||||||&#8220; body_text_align=&#8220;left&#8220; body_font_size=&#8220;16px&#8220; body_line_height=&#8220;1.8em&#8220; custom_padding=&#8220;0px||0px|||&#8220; global_colors_info=&#8220;{}&#8220;]<\/p>\n<p>Die Gewinner werden aus allen richtigen Antworten ausgelost und per E-Mail benachrichtigt.\u00a0Sofern der Gewinner sich nicht innerhalb von 72 Stunden nach der Kontaktaufnahme zur\u00fcckmeldet, verf\u00e4llt der Gewinn und es wird ein neuer Gewinner ermittelt. Im Falle einer nicht zustellbaren Gewinnbenachrichtigung ist MWK nicht verpflichtet, weitere Nachforschungen anzustellen.<\/p>\n<p>[\/et_pb_blurb][et_pb_blurb title=&#8220;SACHPREISE&#8220; admin_label=&#8220;Juice Type&#8220; _builder_version=&#8220;4.16&#8243; header_font=&#8220;Oswald|||on|||||&#8220; header_text_align=&#8220;left&#8220; header_font_size=&#8220;20px&#8220; header_letter_spacing=&#8220;2px&#8220; header_line_height=&#8220;1.4em&#8220; body_font=&#8220;Open Sans|600|||||||&#8220; body_text_align=&#8220;left&#8220; body_font_size=&#8220;16px&#8220; body_line_height=&#8220;1.8em&#8220; custom_padding=&#8220;3px||0px|||&#8220; global_colors_info=&#8220;{}&#8220;]<\/p>\n<p>Der im Rahmen des Gewinnspiels als Sachpreis pr\u00e4sentierte Gegenstand ist nicht zwingend mit dem gewonnenen Gegenstand identisch. Vielmehr k\u00f6nnen Abweichungen hinsichtlich Modell, Farbe o.\u00e4. bestehen. MWK kann einen dem als Sachpreis pr\u00e4sentierten Gegenstand gleichwertigen Gegenstand mittlerer Art und G\u00fcte ausw\u00e4hlen.<\/p>\n<p>[\/et_pb_blurb][et_pb_blurb title=&#8220;TICKETS UND EINTRITTSKARTEN&#8220; admin_label=&#8220;Juice Type&#8220; _builder_version=&#8220;4.16&#8243; header_font=&#8220;Oswald|||on|||||&#8220; header_text_align=&#8220;left&#8220; header_font_size=&#8220;20px&#8220; header_letter_spacing=&#8220;2px&#8220; header_line_height=&#8220;1.4em&#8220; body_font=&#8220;Open Sans|600|||||||&#8220; body_text_align=&#8220;left&#8220; body_font_size=&#8220;16px&#8220; body_line_height=&#8220;1.8em&#8220; custom_padding=&#8220;||0px|||&#8220; global_colors_info=&#8220;{}&#8220;]<\/p>\n<p>Tickets werden den Gewinnern per Post an die angegebene Wohnadresse oder per e-Ticket an die angegebene E-Mail-Adresse \u00fcbersandt.<\/p>\n<p>Mit der Nutzung des Tickets\/Karte akzeptiert der Gewinner die zugrundeliegenden Bedingungen des jeweiligen Veranstalters. Die Abwicklung des Ticketgewinns erfolgt ausschlie\u00dflich im direkten Kontakt zwischen dem Gewinner und dem jeweiligen Ticketanbieter\/-veranstalter.\u00a0Sofern Konzerte abgesagt oder verschoben werden, behalten wir uns das Recht vor, den Gewinn durch einen alternativen Gewinn zu ersetzen.\u00a0<span style=\"font-size: 16px;\">MWK beh\u00e4lt sich vor, dem Gewinner anstelle eines Tickets einen G\u00e4stelistenplatz f\u00fcr das Konzert zur Verf\u00fcgung zu stellen.<\/span><\/p>\n<p>Der Gewinner hat s\u00e4mtliche mit dem Ticket-Gewinn verbundenen Kosten, die nicht ausdr\u00fccklich vom Gewinn umfasst sind, wie etwa Reise- oder Verpflegungskosten, selbst zu tragen.<\/p>\n<p>[\/et_pb_blurb][et_pb_blurb title=&#8220;SONSTIGES&#8220; admin_label=&#8220;Juice Type&#8220; _builder_version=&#8220;4.16&#8243; header_font=&#8220;Oswald|||on|||||&#8220; header_text_align=&#8220;left&#8220; header_font_size=&#8220;20px&#8220; header_letter_spacing=&#8220;2px&#8220; header_line_height=&#8220;1.4em&#8220; body_font=&#8220;Open Sans|600|||||||&#8220; body_text_align=&#8220;left&#8220; body_font_size=&#8220;16px&#8220; body_line_height=&#8220;1.8em&#8220; custom_padding=&#8220;||1px|||&#8220; global_colors_info=&#8220;{}&#8220;]<\/p>\n<p>Die Gewinne wurden uns freundlicherweise von Preissponsoren zur Verf\u00fcgung gestellt. MWK vertritt die Preissponsoren w\u00e4hrend der Durchf\u00fchrung des Gewinnspiels und verspricht die von ihnen gestifteten Preise in deren Namen. MWK wird hierdurch nicht zu einer eigenen Leistung verpflichtet.<\/p>\n<p>Die Gewinner erkl\u00e4ren sich mit der Ver\u00f6ffentlichung ihres Namens und Wohnorts in der n\u00e4chsten Ausgabe von Rheinkind einverstanden. Die erhobenen personenbezogenen Daten werden von uns zum Zwecke der Durchf\u00fchrung des Gewinnspiels genutzt. MWK ist in diesem Zusammenhang berechtigt, die Daten des Gewinners an Kooperationspartner zu \u00fcbermitteln, um so die Durchf\u00fchrung, z.B. die Auslieferung des Gewinns, zu erm\u00f6glichen.<\/p>\n<p>Wir behalten uns vor, das Gewinnspiel jederzeit ohne Vorank\u00fcndigung und ohne Angabe von Gr\u00fcnden vorzeitig zu beenden oder zeitlich auszudehnen. Dies gilt insbesondere, falls eine ordnungsgem\u00e4\u00dfe Durchf\u00fchrung aus technischen oder rechtlichen Gr\u00fcnden nicht gew\u00e4hrleistet werden kann. Den Teilnehmern stehen in einem solchen Fall keinerlei Anspr\u00fcche gegen MWK zu.<\/p>\n<p>Eine Barauszahlung der Gewinnwerte ist nicht m\u00f6glich. Gewinnanspr\u00fcche sind nicht \u00fcbertragbar.<\/p>\n<p>Der Rechtsweg ist ausgeschlossen.<\/p>\n<p>[\/et_pb_blurb][et_pb_button button_url=&#8220;@ET-DC@eyJkeW5hbWljIjp0cnVlLCJjb250ZW50IjoicG9zdF9saW5rX3VybF9wYWdlIiwic2V0dGluZ3MiOnsicG9zdF9pZCI6IjQ5In19@&#8220; button_text=&#8220;Zur\u00fcck zur Homepage&#8220; button_alignment=&#8220;center&#8220; _builder_version=&#8220;4.16&#8243; _dynamic_attributes=&#8220;button_url&#8220; _module_preset=&#8220;default&#8220; custom_margin=&#8220;86px|||||&#8220; global_colors_info=&#8220;{}&#8220;][\/et_pb_button][\/et_pb_column][\/et_pb_row][\/et_pb_section][et_pb_section fb_built=&#8220;1&#8243; admin_label=&#8220;Footer Section&#8220; _builder_version=&#8220;4.16&#8243; background_color=&#8220;#000000&#8243; custom_padding=&#8220;101px|0px|101px|0px&#8220; saved_tabs=&#8220;all&#8220; global_colors_info=&#8220;{}&#8220;][et_pb_row column_structure=&#8220;1_3,1_3,1_3&#8243; admin_label=&#8220;Footer Row&#8220; _builder_version=&#8220;4.16&#8243; global_colors_info=&#8220;{}&#8220;][et_pb_column type=&#8220;1_3&#8243; _builder_version=&#8220;4.16&#8243; custom_padding=&#8220;|||&#8220; global_colors_info=&#8220;{}&#8220; custom_padding__hover=&#8220;|||&#8220;][et_pb_image src=&#8220;https:\/\/rheinkind-koeln.de\/wp-content\/uploads\/2021\/03\/Rheinkind_Logo.png&#8220; title_text=&#8220;Rheinkind_Logo&#8220; _builder_version=&#8220;4.16&#8243; _module_preset=&#8220;default&#8220; width=&#8220;100%&#8220; custom_padding=&#8220;|75px||||&#8220; global_colors_info=&#8220;{}&#8220;][\/et_pb_image][\/et_pb_column][et_pb_column type=&#8220;1_3&#8243; _builder_version=&#8220;4.16&#8243; custom_padding=&#8220;|||&#8220; global_colors_info=&#8220;{}&#8220; custom_padding__hover=&#8220;|||&#8220;][et_pb_text admin_label=&#8220;Links&#8220; _builder_version=&#8220;4.16&#8243; text_font=&#8220;Open Sans|600|||||||&#8220; text_text_color=&#8220;#ffffff&#8220; text_line_height=&#8220;1.4em&#8220; link_font=&#8220;Open Sans|600|||||||&#8220; link_text_color=&#8220;#ffffff&#8220; link_line_height=&#8220;2.5em&#8220; header_font=&#8220;||||||||&#8220; header_2_font=&#8220;||||||||&#8220; header_3_font=&#8220;||||||||&#8220; header_6_font=&#8220;Oswald|500||on|||||&#8220; header_6_text_color=&#8220;rgba(255,255,255,0.4)&#8220; header_6_letter_spacing=&#8220;2px&#8220; header_6_line_height=&#8220;1.7em&#8220; background_layout=&#8220;dark&#8220; width=&#8220;100%&#8220; module_alignment=&#8220;center&#8220; custom_margin=&#8220;|||&#8220; custom_margin_tablet=&#8220;0px|||&#8220; custom_margin_phone=&#8220;|||&#8220; custom_margin_last_edited=&#8220;off|desktop&#8220; custom_padding=&#8220;|0px||||&#8220; text_line_height_last_edited=&#8220;off|desktop&#8220; global_colors_info=&#8220;{}&#8220;]<\/p>\n<h6>besuchen sie Uns<\/h6>\n<p>MWK Zimmermann &amp; H\u00e4hnel GmbH<\/p>\n<p>Neumarkt 1c<\/p>\n<p>50667 K\u00f6ln<\/p>\n<p>[\/et_pb_text][\/et_pb_column][et_pb_column type=&#8220;1_3&#8243; _builder_version=&#8220;4.16&#8243; custom_padding=&#8220;|||&#8220; global_colors_info=&#8220;{}&#8220; custom_padding__hover=&#8220;|||&#8220;][et_pb_text admin_label=&#8220;Links&#8220; _builder_version=&#8220;4.16&#8243; text_font=&#8220;Open Sans|600|||||||&#8220; text_text_color=&#8220;#ffffff&#8220; text_line_height=&#8220;1.4em&#8220; link_font=&#8220;Open Sans|600|||||||&#8220; link_text_color=&#8220;#ffffff&#8220; link_line_height=&#8220;2.5em&#8220; header_font=&#8220;||||||||&#8220; header_2_font=&#8220;||||||||&#8220; header_3_font=&#8220;||||||||&#8220; header_6_font=&#8220;Oswald|500||on|||||&#8220; header_6_text_color=&#8220;rgba(255,255,255,0.4)&#8220; header_6_letter_spacing=&#8220;2px&#8220; header_6_line_height=&#8220;1.7em&#8220; background_layout=&#8220;dark&#8220; module_alignment=&#8220;center&#8220; custom_margin=&#8220;|||&#8220; custom_margin_tablet=&#8220;0px|||&#8220; custom_margin_phone=&#8220;|||&#8220; custom_margin_last_edited=&#8220;off|desktop&#8220; custom_padding=&#8220;||1px|||&#8220; text_line_height_last_edited=&#8220;off|desktop&#8220; global_colors_info=&#8220;{}&#8220;]<\/p>\n<h6>kontaktieren sie unS<\/h6>\n<p>T:\u00a0 0221 82009-10<\/p>\n<p>E-Mail: info@rheinkind-koeln.de<\/p>\n<p>Web: www.mwk-koeln.de<\/p>\n<p>[\/et_pb_text][\/et_pb_column][\/et_pb_row][\/et_pb_section]<\/p>\n","protected":false},"excerpt":{"rendered":"<p>Teilnahmeberechtigt sind alle Personen \u00fcber 18 Jahren aus Deutschland mit Ausnahme von Mitarbeitern der MWK GmbH und\/oder von Kooperationspartnern und\/oder von Unternehmen, die bei der Umsetzung des Gewinnspiels\/Preisausschreibens beteiligt waren oder sind, sowie deren Familienangeh\u00f6rige.Die Gewinner werden aus allen richtigen Antworten ausgelost und per E-Mail benachrichtigt.\u00a0Sofern der Gewinner sich nicht innerhalb von 72 Stunden nach [&hellip;]<\/p>\n","protected":false},"author":1,"featured_media":0,"parent":0,"menu_order":0,"comment_status":"closed","ping_status":"closed","template":"page-template-blank.php","meta":{"_et_pb_use_builder":"on","_et_pb_old_content":"","_et_gb_content_width":""},"_links":{"self":[{"href":"https:\/\/rheinkind-koeln.de\/index.php?rest_route=\/wp\/v2\/pages\/313"}],"collection":[{"href":"https:\/\/rheinkind-koeln.de\/index.php?rest_route=\/wp\/v2\/pages"}],"about":[{"href":"https:\/\/rheinkind-koeln.de\/index.php?rest_route=\/wp\/v2\/types\/page"}],"author":[{"embeddable":true,"href":"https:\/\/rheinkind-koeln.de\/index.php?rest_route=\/wp\/v2\/users\/1"}],"replies":[{"embeddable":true,"href":"https:\/\/rheinkind-koeln.de\/index.php?rest_route=%2Fwp%2Fv2%2Fcomments&post=313"}],"version-history":[{"count":6,"href":"https:\/\/rheinkind-koeln.de\/index.php?rest_route=\/wp\/v2\/pages\/313\/revisions"}],"predecessor-version":[{"id":1447,"href":"https:\/\/rheinkind-koeln.de\/index.php?rest_route=\/wp\/v2\/pages\/313\/revisions\/1447"}],"wp:attachment":[{"href":"https:\/\/rheinkind-koeln.de\/index.php?rest_route=%2Fwp%2Fv2%2Fmedia&parent=313"}],"curies":[{"name":"wp","href":"https:\/\/api.w.org\/{rel}","templated":true}]}}